{"id":9618,"date":"2021-08-25T22:01:30","date_gmt":"2021-08-25T20:01:30","guid":{"rendered":"https:\/\/fipguadalquivir.org\/legal-warning\/"},"modified":"2023-09-15T08:47:16","modified_gmt":"2023-09-15T06:47:16","slug":"legal-warning","status":"publish","type":"page","link":"https:\/\/fipguadalquivir.org\/en\/legal-warning\/","title":{"rendered":"Legal warning"},"content":{"rendered":"\t\t<div data-elementor-type=\"wp-page\" data-elementor-id=\"9618\" class=\"elementor elementor-9618 elementor-2054\" data-elementor-post-type=\"page\">\n\t\t\t\t\t\t\t\t\t<section class=\"elementor-section elementor-top-section elementor-element elementor-element-08afef1 elementor-section-boxed elementor-section-height-default elementor-section-height-default\" data-id=\"08afef1\" data-element_type=\"section\">\n\t\t\t\t\t\t<div class=\"elementor-container elementor-column-gap-default\">\n\t\t\t\t\t<div class=\"elementor-column elementor-col-100 elementor-top-column elementor-element elementor-element-c710d24\" data-id=\"c710d24\" data-element_type=\"column\">\n\t\t\t<div class=\"elementor-widget-wrap elementor-element-populated\">\n\t\t\t\t\t\t\t\t<div class=\"elementor-element elementor-element-2e7485c elementor-widget elementor-widget-heading\" data-id=\"2e7485c\" data-element_type=\"widget\" data-widget_type=\"heading.default\">\n\t\t\t\t<div class=\"elementor-widget-container\">\n\t\t\t<h2 class=\"elementor-heading-title elementor-size-default\">Legal warning<\/h2>\t\t<\/div>\n\t\t\t\t<\/div>\n\t\t\t\t<div class=\"elementor-element elementor-element-30c985b elementor-widget elementor-widget-text-editor\" data-id=\"30c985b\" data-element_type=\"widget\" data-widget_type=\"text-editor.default\">\n\t\t\t\t<div class=\"elementor-widget-container\">\n\t\t\t\t\t\t\t<p><strong>Identification and Ownership<\/strong><\/p>\n<p>In compliance with article 10 of Law 34\/2002, of July 11, on Information Society Services and Electronic Commerce, the Owner exposes his or her identifying data.<\/p>\n<p><strong>Headline:<\/strong><br \/>\nGuadalquivir Pianistic Cultural Association (ACGP)<\/p>\n<p><strong>Email:<\/strong><br \/>\n<a href=\"mailto:info@guadalquivirpianistico.org\">info@guadalquivirpianistico.org<\/a><\/p>\n<p>Website:<br \/>\nhttp:\/\/www.guadalquivirpianistico.org\/<\/p>\n<p><strong>Purpose<\/strong><\/p>\n<p>The purpose of the website www.guadalquivirpianistico.org is to present the activity of the Guadalquivir international piano festival, as well as the rest of the activities and information of interest to the ACGP.<\/p>\n<p><strong>Terms of use<\/strong><\/p>\n<p>The use of the Website grants you the status of User, and implies complete acceptance of all the clauses and conditions of use included in the pages:<\/p>\n<p><a href=\"https:\/\/fipguadalquivir.org\/politica-de-privacidad\/\">Privacy Policy<\/a><\/p>\n<p><a href=\"http:\/\/www.mariadoloresgaitan.com\/politica-de-cookies\/\">Cookies policy<\/a><\/p>\n<p>If you do not agree with each and every one of these clauses and conditions, you will refrain from using this website.<\/p>\n<p>Access to this website does not imply, in any way, the beginning of a commercial relationship with the ACGP.<\/p>\n<p>Through this Website, the Owner provides you with access and use of various content that the Owner or its collaborators have published through the Internet.<\/p>\n<p>To this end, you undertake and undertake NOT to use any of the contents of the website for illicit purposes or effects, prohibited in this Legal Notice or by current legislation, harmful to the rights and interests of third parties, or that in any way may damage, disable, overload, deteriorate or prevent the normal use of the contents, computer equipment or documents, files and all types of content stored on any computer equipment owned or contracted by Mar\u00eda Dolores Gait\u00e1n S\u00e1nchez, other users or any user from Internet.<\/p>\n<p><strong>Security measures<\/strong><\/p>\n<p>The personal data that you provide to the Owner may be stored in automated databases or not, whose ownership corresponds exclusively to ACGP, which assumes all technical, organizational and security measures that guarantee the confidentiality, integrity and quality of the information. contained therein in accordance with the provisions of current data protection regulations.<\/p>\n<p>However, you must be aware that the security measures of computer systems on the Internet are not entirely reliable and that, therefore, the Owner cannot guarantee the absence of viruses or other elements that may cause alterations in computer systems (software and hardware) of the User or in their electronic documents and files contained therein, although the Owner puts all the necessary means and takes the appropriate security measures to avoid the presence of these harmful elements.<\/p>\n<p><strong>Contents<\/strong><\/p>\n<p>The Owner has obtained the information, multimedia content and materials included on the Website from sources it considers reliable, but, although it has taken all reasonable measures to ensure that the information contained is correct, the Owner does not guarantee that it is accurate. , complete or updated. ACGP expressly declines any responsibility for errors or omissions in the information contained in the pages of this website.<\/p>\n<p>It is prohibited to transmit or send through the Website any illegal or illicit content, computer viruses, or messages that, in general, affect or violate the rights of the Owner or third parties.<\/p>\n<p>The contents of www.guadalquivirpianistico.org are for informational purposes only and under no circumstances should they be used or considered as an offer to sell, a request for an offer to purchase or a recommendation to carry out any other operation, unless expressly indicated.<\/p>\n<p>ACGP reserves the right to modify, suspend, cancel or restrict the content of www.guadalquivirpianistico.org, the links or the information obtained through the Website, without prior notice.<\/p>\n<p>ACGP is not responsible for any damages that may arise from the use of the information on the website.<\/p>\n<p><a id=\"cookies\"><\/a><strong>Cookies policy<\/strong><\/p>\n<p>On the Cookies Policy page you can consult all the information related to the policy for collecting and processing cookies.<\/p>\n<p><strong>Links to other websites<\/strong><\/p>\n<p>The Owner may provide you with access to third-party websites through links with the exclusive purpose of informing you about the existence of other sources of information on the Internet in which you can expand the data offered on the Website.<\/p>\n<p>These links to other websites do not in any case imply a suggestion or recommendation for you to visit the destination web pages, which are beyond the control of the Owner, so ACGP is not responsible for the content of the linked websites or the result that they produce. you get by following the links.<\/p>\n<p>Likewise, ACGP is not responsible for the links located on the linked websites to which it provides you access.<\/p>\n<p>The establishment of the link does not imply in any case the existence of relations between ACGP and the owner of the site on which the link is established, nor the acceptance or approval by the Owner of its contents or services.<\/p>\n<p>If you access an external website from a link found on www.guadalquivirpianistico.org, you must read the other website&#8217;s own privacy policy, which may be different from that of this website.<\/p>\n<p><strong>Intellectual and industrial property<\/strong><\/p>\n<p>All rights reserved.<\/p>\n<p>All access to this website is subject to the following conditions: the reproduction, permanent storage and dissemination of the contents or any other use for public or commercial purposes is expressly prohibited without the express prior written consent of ACGP.<\/p>\n<p><strong>Limitation of liability<\/strong><\/p>\n<p>The information and services included or available through this website may include inaccuracies or typographical errors. The Owner periodically incorporates improvements and\/or changes to the information contained and\/or the Services that it may introduce at any time.<\/p>\n<p>The Owner does not represent or guarantee that the services or contents will be interrupted or free of errors, that defects will be corrected, or that the service or the server that makes it available are free of viruses or other harmful components, without prejudice to the fact that The Owner makes every effort to avoid this type of incident.<\/p>\n<p>ACGP declines any responsibility in the event of interruptions or malfunctions of the Services or content offered on the Internet, whatever the cause. Likewise, the Owner is not responsible for network outages, business losses as a result of such outages, temporary suspensions of electricity or any other type of indirect damage that may be caused to you by causes beyond the control of the Owner.<\/p>\n<p>Before making decisions and\/or actions based on the information included on the Website, the Owner recommends that you check and contrast the information received with other sources.<\/p>\n<p><strong>Jurisdiction<\/strong><\/p>\n<p>This Legal Notice is governed entirely by Spanish legislation.<\/p>\n<p><strong>Contact<\/strong><\/p>\n<p>If you have any questions about these Legal Conditions or want to make any comments about this website, you can send an email to the address <a href=\"mailto:info@guadalquivirpianistico.org\">info@guadalquivirpianistico.org<\/a><\/p>\n\t\t\t\t\t\t<\/div>\n\t\t\t\t<\/div>\n\t\t\t\t\t<\/div>\n\t\t<\/div>\n\t\t\t\t\t\t\t<\/div>\n\t\t<\/section>\n\t\t\t\t\t\t\t<\/div>\n\t\t","protected":false},"excerpt":{"rendered":"<p>Legal warning Identification and Ownership In compliance with article 10 of Law 34\/2002, of July 11, on Information Society Services and Electronic Commerce, the Owner exposes his or her identifying data. Headline: Guadalquivir Pianistic Cultural Association (ACGP) Email: info@guadalquivirpianistico.org Website: http:\/\/www.guadalquivirpianistico.org\/ Purpose The purpose of the website www.guadalquivirpianistico.org is to present the activity of the [&hellip;]<\/p>\n","protected":false},"author":1,"featured_media":0,"parent":0,"menu_order":0,"comment_status":"closed","ping_status":"closed","template":"elementor_header_footer","meta":{"footnotes":""},"class_list":["post-9618","page","type-page","status-publish","hentry"],"yoast_head":"<!-- This site is optimized with the Yoast SEO plugin v21.1 - https:\/\/yoast.com\/wordpress\/plugins\/seo\/ -->\n<title>Legal warning - 14 FIP Guadalquivir<\/title>\n<meta name=\"robots\" content=\"index, follow, max-snippet:-1, max-image-preview:large, max-video-preview:-1\" \/>\n<link rel=\"canonical\" href=\"https:\/\/fipguadalquivir.org\/en\/legal-warning\/\" \/>\n<meta property=\"og:locale\" content=\"en_US\" \/>\n<meta property=\"og:type\" content=\"article\" \/>\n<meta property=\"og:title\" content=\"Legal warning - 14 FIP Guadalquivir\" \/>\n<meta property=\"og:description\" content=\"Legal warning Identification and Ownership In compliance with article 10 of Law 34\/2002, of July 11, on Information Society Services and Electronic Commerce, the Owner exposes his or her identifying data. Headline: Guadalquivir Pianistic Cultural Association (ACGP) Email: info@guadalquivirpianistico.org Website: http:\/\/www.guadalquivirpianistico.org\/ Purpose The purpose of the website www.guadalquivirpianistico.org is to present the activity of the [&hellip;]\" \/>\n<meta property=\"og:url\" content=\"https:\/\/fipguadalquivir.org\/en\/legal-warning\/\" \/>\n<meta property=\"og:site_name\" content=\"14 FIP Guadalquivir\" \/>\n<meta property=\"article:modified_time\" content=\"2023-09-15T06:47:16+00:00\" \/>\n<meta property=\"og:image\" content=\"https:\/\/fipguadalquivir.org\/wp-content\/uploads\/2022\/09\/fip-social.png\" \/>\n\t<meta property=\"og:image:width\" content=\"1920\" \/>\n\t<meta property=\"og:image:height\" content=\"1280\" \/>\n\t<meta property=\"og:image:type\" content=\"image\/png\" \/>\n<meta name=\"twitter:card\" content=\"summary_large_image\" \/>\n<meta name=\"twitter:label1\" content=\"Est. reading time\" \/>\n\t<meta name=\"twitter:data1\" content=\"5 minutes\" \/>\n<script type=\"application\/ld+json\" class=\"yoast-schema-graph\">{\"@context\":\"https:\/\/schema.org\",\"@graph\":[{\"@type\":\"WebPage\",\"@id\":\"https:\/\/fipguadalquivir.org\/en\/legal-warning\/\",\"url\":\"https:\/\/fipguadalquivir.org\/en\/legal-warning\/\",\"name\":\"Legal warning - 14 FIP Guadalquivir\",\"isPartOf\":{\"@id\":\"https:\/\/fipguadalquivir.org\/en\/#website\"},\"datePublished\":\"2021-08-25T20:01:30+00:00\",\"dateModified\":\"2023-09-15T06:47:16+00:00\",\"breadcrumb\":{\"@id\":\"https:\/\/fipguadalquivir.org\/en\/legal-warning\/#breadcrumb\"},\"inLanguage\":\"en-US\",\"potentialAction\":[{\"@type\":\"ReadAction\",\"target\":[\"https:\/\/fipguadalquivir.org\/en\/legal-warning\/\"]}]},{\"@type\":\"BreadcrumbList\",\"@id\":\"https:\/\/fipguadalquivir.org\/en\/legal-warning\/#breadcrumb\",\"itemListElement\":[{\"@type\":\"ListItem\",\"position\":1,\"name\":\"Portada\",\"item\":\"https:\/\/fipguadalquivir.org\/en\/\"},{\"@type\":\"ListItem\",\"position\":2,\"name\":\"Legal warning\"}]},{\"@type\":\"WebSite\",\"@id\":\"https:\/\/fipguadalquivir.org\/en\/#website\",\"url\":\"https:\/\/fipguadalquivir.org\/en\/\",\"name\":\"14 FIP Guadalquivir\",\"description\":\"\",\"potentialAction\":[{\"@type\":\"SearchAction\",\"target\":{\"@type\":\"EntryPoint\",\"urlTemplate\":\"https:\/\/fipguadalquivir.org\/en\/?s={search_term_string}\"},\"query-input\":\"required name=search_term_string\"}],\"inLanguage\":\"en-US\"}]}<\/script>\n<!-- \/ Yoast SEO plugin. -->","yoast_head_json":{"title":"Legal warning - 14 FIP Guadalquivir","robots":{"index":"index","follow":"follow","max-snippet":"max-snippet:-1","max-image-preview":"max-image-preview:large","max-video-preview":"max-video-preview:-1"},"canonical":"https:\/\/fipguadalquivir.org\/en\/legal-warning\/","og_locale":"en_US","og_type":"article","og_title":"Legal warning - 14 FIP Guadalquivir","og_description":"Legal warning Identification and Ownership In compliance with article 10 of Law 34\/2002, of July 11, on Information Society Services and Electronic Commerce, the Owner exposes his or her identifying data. Headline: Guadalquivir Pianistic Cultural Association (ACGP) Email: info@guadalquivirpianistico.org Website: http:\/\/www.guadalquivirpianistico.org\/ Purpose The purpose of the website www.guadalquivirpianistico.org is to present the activity of the [&hellip;]","og_url":"https:\/\/fipguadalquivir.org\/en\/legal-warning\/","og_site_name":"14 FIP Guadalquivir","article_modified_time":"2023-09-15T06:47:16+00:00","og_image":[{"width":1920,"height":1280,"url":"https:\/\/fipguadalquivir.org\/wp-content\/uploads\/2022\/09\/fip-social.png","type":"image\/png"}],"twitter_card":"summary_large_image","twitter_misc":{"Est. reading time":"5 minutes"},"schema":{"@context":"https:\/\/schema.org","@graph":[{"@type":"WebPage","@id":"https:\/\/fipguadalquivir.org\/en\/legal-warning\/","url":"https:\/\/fipguadalquivir.org\/en\/legal-warning\/","name":"Legal warning - 14 FIP Guadalquivir","isPartOf":{"@id":"https:\/\/fipguadalquivir.org\/en\/#website"},"datePublished":"2021-08-25T20:01:30+00:00","dateModified":"2023-09-15T06:47:16+00:00","breadcrumb":{"@id":"https:\/\/fipguadalquivir.org\/en\/legal-warning\/#breadcrumb"},"inLanguage":"en-US","potentialAction":[{"@type":"ReadAction","target":["https:\/\/fipguadalquivir.org\/en\/legal-warning\/"]}]},{"@type":"BreadcrumbList","@id":"https:\/\/fipguadalquivir.org\/en\/legal-warning\/#breadcrumb","itemListElement":[{"@type":"ListItem","position":1,"name":"Portada","item":"https:\/\/fipguadalquivir.org\/en\/"},{"@type":"ListItem","position":2,"name":"Legal warning"}]},{"@type":"WebSite","@id":"https:\/\/fipguadalquivir.org\/en\/#website","url":"https:\/\/fipguadalquivir.org\/en\/","name":"14 FIP Guadalquivir","description":"","potentialAction":[{"@type":"SearchAction","target":{"@type":"EntryPoint","urlTemplate":"https:\/\/fipguadalquivir.org\/en\/?s={search_term_string}"},"query-input":"required name=search_term_string"}],"inLanguage":"en-US"}]}},"_links":{"self":[{"href":"https:\/\/fipguadalquivir.org\/en\/wp-json\/wp\/v2\/pages\/9618","targetHints":{"allow":["GET"]}}],"collection":[{"href":"https:\/\/fipguadalquivir.org\/en\/wp-json\/wp\/v2\/pages"}],"about":[{"href":"https:\/\/fipguadalquivir.org\/en\/wp-json\/wp\/v2\/types\/page"}],"author":[{"embeddable":true,"href":"https:\/\/fipguadalquivir.org\/en\/wp-json\/wp\/v2\/users\/1"}],"replies":[{"embeddable":true,"href":"https:\/\/fipguadalquivir.org\/en\/wp-json\/wp\/v2\/comments?post=9618"}],"version-history":[{"count":3,"href":"https:\/\/fipguadalquivir.org\/en\/wp-json\/wp\/v2\/pages\/9618\/revisions"}],"predecessor-version":[{"id":9621,"href":"https:\/\/fipguadalquivir.org\/en\/wp-json\/wp\/v2\/pages\/9618\/revisions\/9621"}],"wp:attachment":[{"href":"https:\/\/fipguadalquivir.org\/en\/wp-json\/wp\/v2\/media?parent=9618"}],"curies":[{"name":"wp","href":"https:\/\/api.w.org\/{rel}","templated":true}]}}